{"id":2,"date":"2025-04-19T05:08:45","date_gmt":"2025-04-19T05:08:45","guid":{"rendered":"http:\/\/dieu.com.vn\/?page_id=2"},"modified":"2025-04-22T21:14:23","modified_gmt":"2025-04-22T14:14:23","slug":"home","status":"publish","type":"page","link":"https:\/\/dieu.com.vn\/","title":{"rendered":"home"},"content":{"rendered":"<h2 style=\"text-align: center;\">C\u00e1c s\u1ea3n ph\u1ea9m h\u1ea1t \u0111i\u1ec1u Dihona<\/h2>\n<h2 style=\"text-align: center;\"><\/h2>\n<p style=\"text-align: center;\">m\u00f3n qu\u00e0 t\u1eeb \u0111\u1eb7c s\u1ea3n h\u1ea1t \u0111i\u1ec1u<\/p>\n<h6 style=\"text-align: center;\"><a data-tcb_hover_state_parent=\"\" href=\"#\" style=\"outline: none;\">K\u1eb9o h\u1ea1t \u0111i\u1ec1u mix h\u1ea1t<\/a><\/h6>\n<h6 style=\"text-align: center;\"><a data-tcb_hover_state_parent=\"\" href=\"#\" style=\"outline: none;\">B\u00e1nh hoa h\u1ea1t \u0111i\u1ec1u macca<\/a><\/h6>\n<h6 style=\"text-align: center;\"><a data-tcb_hover_state_parent=\"\" href=\"#\" style=\"outline: none;\">B\u00e1nh thuy\u1ec1n g\u1ea1o l\u1ee9t<\/a><\/h6>\n<h6 style=\"text-align: center;\"><a data-tcb_hover_state_parent=\"\" href=\"#\" style=\"outline: none;\">H\u1ea1t \u0111i\u1ec1u nh\u00e2n tr\u1eafng<\/a><\/h6>\n<h6 style=\"text-align: center;\"><a data-tcb_hover_state_parent=\"\" href=\"#\" style=\"outline: none;\">(h\u1ea1t \u0111i\u1ec1u t\u01b0\u01a1i l\u00e0m s\u1eefa)<\/a><\/h6>\n<h3><strong><span><\/span><\/strong>C\u00e1c m\u00f3n ngon t\u1eeb h\u1ea1t \u0111i\u1ec1u<\/h3>\n<h5 style=\"\"><strong>B\u00e1nh h\u1ea1t \u0111i\u1ec1u macca<\/strong><\/h5>\n<p>Bao g\u1ed3m: \u0111\u1ebf b\u00e1nh hoa, h\u1ea1t \u0111i\u1ec1u v\u1ee1 \u0111\u00f4i nh\u00e2n tr\u1eafng, macca v\u1ee1 \u0111\u00f4i, m\u1ea1ch nha, m\u1eadt ong, (c\u00f3 th\u1ec3 c\u00f3 ph\u00f4 mai ho\u1eb7c g\u1eebng t\u01b0\u01a1i)<\/p>\n<h5 style=\"\"><strong>B\u00e1nh thuy\u1ec1n g\u1ea1o l\u1ee9t<\/strong><\/h5>\n<p style=\"\">Bao g\u1ed3m: \u0111\u1ebf b\u00e1nh thuy\u1ec1n, g\u1ea1o l\u1ee9t, h\u1ea1t \u0111i\u1ec1u, h\u1ea1t b\u00ed xanh, h\u1ea1nh nh\u00e2n, m\u1ea1ch nha, m\u1eadt ong, g\u1eebng t\u01b0\u01a1i<\/p>\n<h5><strong>K\u1eb9o h\u1ea1t \u0111i\u1ec1u mix h\u1ea1t<\/strong><\/h5>\n<p style=\"\">Bao g\u1ed3m: \u0111\u1ebf b\u00e1nh \u0111\u1ed3ng ti\u1ec1n, h\u1ea1t \u0111i\u1ec1u, h\u1ea1t h\u1ea1nh nh\u00e2n, nho kh\u00f4, h\u1ea1t b\u00ed xanh, m\u00e8 (v\u1eebng), g\u1eebng, m\u1ea1ch nha<\/p>\n<p><span><img decoding=\"async\" alt=\"\" data-id=\"123\" width=\"1219\" data-init-width=\"1920\" height=\"171\" data-init-height=\"269\" title=\"deco lines bg\" loading=\"lazy\" src=\"\/\/dieu.com.vn\/wp-content\/uploads\/tcb_lp_templates\/templates\/css\/images\/deco-lines-bg.png\" data-width=\"1219\" data-height=\"171\" style=\"aspect-ratio: auto 1920 \/ 269;\"><\/span><\/p>\n<h2>Ngo\u00e0i ra, c\u00f2n c\u00f3 c\u00e1c lo\u1ea1i nh\u01b0:<\/h2>\n<p style=\"\">H\u1ea1t \u0111i\u1ec1u nh\u00e2n tr\u1eafng v\u1ee1 \u0111\u00f4i \/ nguy\u00ean, h\u1ea1t \u0111i\u1ec1u v\u1ee1 \/ nguy\u00ean s\u1ea5y m\u1ed9c kh\u00f4ng mu\u1ed1i, h\u1ea1t \u0111i\u1ec1u t\u1ecfi \u1edbt, h\u1ea1t \u0111i\u1ec1u ph\u00f4 mai&#8230;<\/p>\n<p style=\"\">C\u00f3 \u0111\u00f3ng c\u00e1c m\u1eabu t\u1eeb 200g, 250g, 265g, 300g, 500g v\u00e0 \u0111\u00f3ng g\u00f3i theo y\u00eau t\u1ea5t c\u1ea3 c\u00e1c m\u1eabu t\u1eeb h\u1ea1t \u0111i\u1ec1u rang mu\u1ed1i, h\u1ea1t \u0111i\u1ec1u nh\u00e2n tr\u1eafng, c\u00e1c lo\u1ea1i b\u00e1nh k\u1eb9o v\u00e0 c\u00e1c lo\u1ea1i \u0111i\u1ec1u t\u1ea9m v\u1ecb.<\/p>\n<p style=\"\">Ngo\u00e0i \u0111\u00f3ng g\u00f3i theo y\u00eau c\u1ea7u, c\u00f2n c\u00f3 h\u00e0ng x\u00e1 (b\u1ecbt 10kg) c\u00e1c lo\u1ea1i rang mu\u1ed1i, k\u1eb9o \u0111i\u1ec1u, b\u00e1nh, \u0111i\u1ec1u t\u1ea9m v\u1ecb.<\/p>\n<p><span style=\"\"><img decoding=\"async\" alt=\"\" data-id=\"66\" width=\"131\" data-init-width=\"555\" height=\"173\" data-init-height=\"731\" title=\"32\" loading=\"lazy\" src=\"https:\/\/dieu.com.vn\/wp-content\/uploads\/2025\/04\/32-1.png\" data-width=\"131\" data-height=\"173\" style=\"aspect-ratio: auto 555 \/ 731;\" mt-d=\"-17.05499999999998\" ml-d=\"0\"><\/span><\/p>\n<h5>Ho\u00e0n to\u00e0n t\u1ef1 nhi\u00ean<\/h5>\n<p><span style=\"\"><img decoding=\"async\" alt=\"\" data-id=\"68\" width=\"131\" data-init-width=\"582\" height=\"173\" data-init-height=\"792\" title=\"10dieurangmuoi\" loading=\"lazy\" src=\"https:\/\/dieu.com.vn\/wp-content\/uploads\/2025\/04\/10dieurangmuoi.png\" data-width=\"131\" data-height=\"173\" style=\"aspect-ratio: auto 582 \/ 792;\" mt-d=\"-17.05499999999998\" ml-d=\"0\"><\/span><\/p>\n<h5>Kh\u00f4ng ch\u1ea5t b\u1ea3o qu\u1ea3n<\/h5>\n<p><span style=\"\"><img decoding=\"async\" alt=\"\" data-id=\"65\" width=\"131\" data-init-width=\"555\" height=\"173\" data-init-height=\"731\" title=\"31\" loading=\"lazy\" src=\"https:\/\/dieu.com.vn\/wp-content\/uploads\/2025\/04\/31-1.png\" data-width=\"131\" data-height=\"173\" style=\"aspect-ratio: auto 555 \/ 731;\" mt-d=\"-17.05499999999998\" ml-d=\"0\"><\/span><\/p>\n<h5>D\u1ed3i d\u00e0o dinh d\u01b0\u1ee1ng<\/h5>\n<p><span style=\"\"><img decoding=\"async\" alt=\"\" data-id=\"59\" width=\"131\" data-init-width=\"705\" height=\"173\" data-init-height=\"763\" title=\"23dieu\" loading=\"lazy\" src=\"https:\/\/dieu.com.vn\/wp-content\/uploads\/2025\/04\/23dieu.png\" data-width=\"131\" data-height=\"173\" style=\"aspect-ratio: auto 705 \/ 763;\" mt-d=\"-17.05499999999998\" ml-d=\"0\"><\/span><\/p>\n<h5>\u200bM\u1eabu m\u00e3 \u0111a d\u1ea1ng<\/h5>\n<h2 style=\"text-align: center;\">V\u00e0i \u0111i\u1ec1u l\u01b0u \u00fd &#8211; b\u1ea1n c\u1ea7n bi\u1ebft:<\/h2>\n<h4 style=\"\">\u201c<\/h4>\n<p style=\"\">\u0110\u1ed1i v\u1edbi s\u1ea3n ph\u1ea9m h\u1ea1t \u0111i\u1ec1u rang mu\u1ed1i th\u00ec lu\u00f4n lu\u00f4n c\u00f3 s\u1eb5n rang m\u1edbi m\u1ed7i ng\u00e0y, n\u00ean \u0111\u1eb7t l\u00fac n\u00e0o c\u0169ng c\u00f3.<\/p>\n<p style=\"\">Ri\u00eang c\u00e1c s\u1ea3n ph\u1ea9m b\u00e1nh, k\u1eb9o, \u0111i\u1ec1u t\u1ea9m v\u1ecb, \u0111i\u1ec1u nh\u00e2n tr\u1eafng, \u0111i\u1ec1u s\u1ea5y th\u00ec l\u00e0m theo \u0111\u01a1n \u0111\u1eb7t h\u00e0ng \u0111\u1ec3 \u0111\u1ea3m b\u1ea3o s\u1ea3n ph\u1ea9m lu\u00f4n m\u1edbi, th\u01a1m, ngon, gi\u00f2n&#8230; \u0111\u1ebfn tay b\u1ea1n. &#8211; V\u00ec c\u00e1c s\u1ea3n ph\u1ea9m n\u00e0y h\u1ea1n d\u00f9ng ng\u1eafn h\u01a1n. N\u00ean \u0111\u1ec3 \u0111\u1ea3m b\u1ea3o h\u00e3y \u0111\u1eb7t h\u00e0ng v\u00e0 tin d\u00f9ng \u1edf nh\u1eefng n\u01a1i uy t\u00edn m\u00e0 b\u1ea1n tin t\u01b0\u1edfng nh\u00e9!<\/p>\n<p style=\"\">Ngo\u00e0i ra, c\u00f3 m\u1eabu h\u1ea1t \u0111i\u1ec1u tr\u00f2n x\u1ebfp h\u1ed9p &#8211; h\u1ea1t \u0111i\u1ec1u x\u1ebfp hoa c\u00f3 lo\u1ea1i \u0111\u00e3 t\u00e1ch v\u1ecf l\u1ee5a x\u1ebfp hoa &#8211; l\u00e0m theo \u0111\u01a1n \u0111\u1eb7t.<\/p>\n<h4 style=\"\">\u201c<\/h4>\n<p style=\"\">Ch\u1ec9 ri\u00eang \u0111i\u1ec1u rang mu\u1ed1i, \u0111i\u1ec1u nh\u00e2n tr\u1eafng, \u0111i\u1ec1u s\u1ea5y m\u1ed9c kh\u00f4ng mu\u1ed1i &#8211; l\u01b0u \u00fd ch\u1ecdn h\u00e0ng Cam (Campuchia) ho\u1eb7c h\u00e0ng Vi\u1ec7t Nam (\u0111i\u1ec1u B\u00ecnh Ph\u01b0\u1edbc) khi b\u1ea1n \u0111\u01b0\u1ee3c t\u01b0 v\u1ea5n ho\u1eb7c b\u1ea1n y\u00eau c\u1ea7u theo mong mu\u1ed1n.<\/p>\n<p style=\"\">&#8211; B\u1edfi \u01b0u \u0111i\u1ec3m c\u1ee7a \u0111i\u1ec1u Cam (Campuchia) l\u00e0 to \u0111\u1ec1u, m\u00e0u v\u1ecf l\u1ee5a s\u00e1ng h\u01a1n (v\u1eabn c\u00f3 lo\u1ea1i v\u1ecf l\u1ee5a m\u00e0u s\u1eadm h\u01a1n) th\u01a1m, ngon, gi\u00f2n v\u00e0 c\u00f3 v\u1ecb ng\u1ecdt &#8211; n\u00ean c\u0169ng nhi\u1ec1u ng\u01b0\u1eddi th\u00edch.<\/p>\n<p style=\"\">&#8211; C\u00f2n h\u00e0ng Vi\u1ec7t Nam (\u0111i\u1ec1u B\u00ecnh Ph\u01b0\u1edbc) size h\u1ea1t c\u00f3 b\u00e9 h\u01a1n, m\u00e0u v\u1ecf l\u1ee5a s\u1eadm h\u01a1n, nh\u01b0ng th\u01a1m ngon, gi\u00f2n, ng\u1ecdt v\u00e0 c\u00f3 v\u1ecb b\u00f9i, b\u00e9o ng\u1eady &#8211; nhi\u1ec1u ng\u01b0\u1eddi l\u1ea1i th\u00edch h\u01a1n.&nbsp;<\/p>\n","protected":false},"excerpt":{"rendered":"<p>C\u00e1c s\u1ea3n ph\u1ea9m h\u1ea1t \u0111i\u1ec1u Dihona m\u00f3n qu\u00e0 t\u1eeb \u0111\u1eb7c s\u1ea3n h\u1ea1t \u0111i\u1ec1u K\u1eb9o h\u1ea1t \u0111i\u1ec1u mix h\u1ea1t B\u00e1nh hoa h\u1ea1t \u0111i\u1ec1u macca B\u00e1nh thuy\u1ec1n g\u1ea1o l\u1ee9t H\u1ea1t \u0111i\u1ec1u nh\u00e2n tr\u1eafng (h\u1ea1t \u0111i\u1ec1u t\u01b0\u01a1i l\u00e0m s\u1eefa) C\u00e1c m\u00f3n ngon t\u1eeb h\u1ea1t \u0111i\u1ec1u B\u00e1nh h\u1ea1t \u0111i\u1ec1u macca Bao g\u1ed3m: \u0111\u1ebf b\u00e1nh hoa, h\u1ea1t \u0111i\u1ec1u v\u1ee1 \u0111\u00f4i [&hellip;]<\/p>\n","protected":false},"author":1,"featured_media":0,"parent":0,"menu_order":0,"comment_status":"closed","ping_status":"closed","template":"","meta":{"footnotes":""},"class_list":["post-2","page","type-page","status-publish","hentry"],"_links":{"self":[{"href":"https:\/\/dieu.com.vn\/index.php\/wp-json\/wp\/v2\/pages\/2","targetHints":{"allow":["GET"]}}],"collection":[{"href":"https:\/\/dieu.com.vn\/index.php\/wp-json\/wp\/v2\/pages"}],"about":[{"href":"https:\/\/dieu.com.vn\/index.php\/wp-json\/wp\/v2\/types\/page"}],"author":[{"embeddable":true,"href":"https:\/\/dieu.com.vn\/index.php\/wp-json\/wp\/v2\/users\/1"}],"replies":[{"embeddable":true,"href":"https:\/\/dieu.com.vn\/index.php\/wp-json\/wp\/v2\/comments?post=2"}],"version-history":[{"count":44,"href":"https:\/\/dieu.com.vn\/index.php\/wp-json\/wp\/v2\/pages\/2\/revisions"}],"predecessor-version":[{"id":75,"href":"https:\/\/dieu.com.vn\/index.php\/wp-json\/wp\/v2\/pages\/2\/revisions\/75"}],"wp:attachment":[{"href":"https:\/\/dieu.com.vn\/index.php\/wp-json\/wp\/v2\/media?parent=2"}],"curies":[{"name":"wp","href":"https:\/\/api.w.org\/{rel}","templated":true}]}}